{"id":1263,"date":"2023-09-06T16:19:40","date_gmt":"2023-09-06T14:19:40","guid":{"rendered":"https:\/\/stemp.pruebasweb.com.es\/?page_id=1263"},"modified":"2024-01-09T11:11:12","modified_gmt":"2024-01-09T10:11:12","slug":"politica-de-privacitat","status":"publish","type":"page","link":"https:\/\/stemp.es\/ca\/politica-de-privacitat\/","title":{"rendered":"Pol\u00edtica de privacitat"},"content":{"rendered":"<div class=\"fusion-fullwidth fullwidth-box fusion-builder-row-1 fusion-flex-container has-pattern-background has-mask-background nonhundred-percent-fullwidth non-hundred-percent-height-scrolling\" style=\"--awb-border-radius-top-left:0px;--awb-border-radius-top-right:0px;--awb-border-radius-bottom-right:0px;--awb-border-radius-bottom-left:0px;--awb-padding-top:6%;--awb-padding-bottom:2%;--awb-flex-wrap:wrap;\" ><div class=\"fusion-builder-row fusion-row fusion-flex-align-items-flex-start fusion-flex-content-wrap\" style=\"max-width:1300px;margin-left: calc(-4% \/ 2 );margin-right: calc(-4% \/ 2 );\"><div class=\"fusion-layout-column fusion_builder_column fusion-builder-column-0 fusion_builder_column_1_1 1_1 fusion-flex-column\" style=\"--awb-bg-size:cover;--awb-width-large:100%;--awb-margin-top-large:0px;--awb-spacing-right-large:1.92%;--awb-margin-bottom-large:20px;--awb-spacing-left-large:1.92%;--awb-width-medium:100%;--awb-order-medium:0;--awb-spacing-right-medium:1.92%;--awb-spacing-left-medium:1.92%;--awb-width-small:100%;--awb-order-small:0;--awb-spacing-right-small:1.92%;--awb-spacing-left-small:1.92%;\"><div class=\"fusion-column-wrapper fusion-column-has-shadow fusion-flex-justify-content-flex-start fusion-content-layout-column\"><div class=\"fusion-text fusion-text-1\" style=\"--awb-content-alignment:justify;\"><p><strong>1. POL\u00cdTICA D\u2019ENLLA\u00c7OS I EXEMPCIONS DE RESPONSABILITAT<\/strong><\/p>\n<p><strong>STEMP INDUSTRIAL SA<\/strong> no es fa responsable del contingut de les p\u00e0gines web a les quals pugui accedir l\u2019Usuari a trav\u00e9s dels enlla\u00e7os establerts als seus llocs web i declara que en cap cas examinar\u00e0 ni exercir\u00e0 cap tipus de control sobre el contingut d\u2019altres p\u00e0gines de la xarxa.<br \/>\nAix\u00ed mateix, tampoc garanteix la disponibilitat t\u00e8cnica, exactitud, veracitat, validesa o legalitat de p\u00e0gines alienes a la seva propietat a les qual es pugui accedir a trav\u00e9s dels enlla\u00e7os d\u2019aquest web.<\/p>\n<p><strong>STEMP INDUSTRIAL SA<\/strong>, declara que ha adoptat totes les mesures necess\u00e0ries per evitar qualsevol dany que pugui derivar-se de la navegaci\u00f3 per les seves p\u00e0gines web. En conseq\u00fc\u00e8ncia, <strong>STEMP INDUSTRIAL SA<\/strong>, no es fa responsable, en cap cas, dels eventuals danys que pugui patir l\u2019Usuari a causa de la navegaci\u00f3 per Internet.<br \/>\n<strong>STEMP INDUSTRIAL SA<\/strong>, no es responsabilitza dels danys o perjudicis de qualsevol tipus produ\u00efts en l&#8217;Usuari que portin causa d&#8217;errors o desconnexions a les xarxes de telecomunicacions que produeixin la suspensi\u00f3, cancel\u00b7laci\u00f3 o interrupci\u00f3 del servei de la web durant la prestaci\u00f3 del mateix o amb car\u00e0cter previ.<br \/>\nL&#8217;acc\u00e9s al web https:\/\/stemp.es\/ no implica l&#8217;obligaci\u00f3 per part de l&#8217;entitat de controlar l&#8217;abs\u00e8ncia de virus o qualsevol altre element inform\u00e0tic malici\u00f3s. Correspon a l&#8217;Usuari, en qualsevol cas, la disponibilitat d&#8217;eines adequades per a la detecci\u00f3, desinfecci\u00f3 i protecci\u00f3 contra programes inform\u00e0tics nocius.<br \/>\n<strong>STEMP INDUSTRIAL SA<\/strong>, no es responsabilitza dels danys produ\u00efts en els equips inform\u00e0tics, documents i\/o fitxers dels Usuaris o de tercers durant la prestaci\u00f3 del servei en aquest el portal web.<\/p>\n<p><strong>2. PUBLICITAT<\/strong><\/p>\n<p>El Web: https:\/\/stemp.es\/ podr\u00e0 allotjar continguts publicitaris o patrocinats. Els anunciants o patrocinadors s\u00f3n els \u00fanics responsables d&#8217;assegurar que el material rem\u00e8s per a la seva inclusi\u00f3 a la Web compleix amb les lleis que en cada cas puguin ser d&#8217;aplicaci\u00f3.<br \/>\n<strong>STEMP INDUSTRIAL SA<\/strong>, no ser\u00e0 responsable de qualsevol error, inexactitud o irregularitat que puguin contenir els continguts publicitaris o dels patrocinadors d\u2019aquesta p\u00e0gina web.<\/p>\n<p><strong>3. MODIFICACIONS<\/strong><\/p>\n<p><strong>STEMP INDUSTRIAL SA<\/strong>, es reserva el dret a realitzar les modificacions que consideri oportunes, sense av\u00eds previ, en el contingut dels seus llocs web, tant pel que fa als continguts com per les seves condicions d\u2019\u00fas o per les condicions generals de contractaci\u00f3. Aquestes modificacions podran realitzar-se, a trav\u00e9s dels seus llocs web, de qualsevol forma admissible en dret i seran d\u2019obligat compliment durant el temps que estiguin publicades al web i fins que no siguin modificades per d\u2019altres de posteriors.<\/p>\n<p><strong>4. PROPIETAT INTEL\u00b7LECTUAL<\/strong><\/p>\n<p>Els drets de propietat intel\u00b7lectual i industrial derivats de tots els textos, imatges, com tamb\u00e9 dels mitjans i formes de presentaci\u00f3 i muntatge de les seves p\u00e0gines pertanyen, per si mateixos o com a cession\u00e0ria a <strong>STEMP INDUSTRIAL SA<\/strong>. Seran, per tant, obres protegides com a propietat intel\u00b7lectual per l\u2019ordenament jur\u00eddic espanyol i se\u2019ls hi podr\u00e0 aplicar tant la normativa espanyola i comunit\u00e0ria en aquest \u00e0mbit, com els tractats internacionals relatius a la mat\u00e8ria i subscrits per Espanya: Reial Decreto Legislatiu 1\/1996, darrera actualitzaci\u00f3 30\/03\/2023; Directiva-UE-2019\/790 del Parlament Europeu i del Consell, de 17 d\u2019abril de 2019, sobre els drets d\u2019autor i drets afins en el mercat \u00fanic digital.<\/p>\n<p>Tots els drets reservats. En compliment de la Llei de la Propietat Intel\u00b7lectual es prohibeix expressament la reproducci\u00f3, distribuci\u00f3, comunicaci\u00f3 p\u00fablica i utilitzaci\u00f3 de la totalitat o part dels continguts de les seves p\u00e0gines web sense el consentiment expl\u00edcit de <strong>STEMP INDUSTRIAL SA<\/strong>.<\/p>\n<p>Aix\u00ed mateix, <strong>STEMP INDUSTRIAL SA<\/strong> es reserva la facultat de presentar les accions civils o penals que consideri oportunes per la utilitzaci\u00f3 indeguda de les seves p\u00e0gines web i continguts o per l\u2019incompliment d\u2019aquestes condicions.<\/p>\n<p><strong>5. ACCIONS LEGAL, LEGISLACI\u00d3 APLICABLE I JURISDICCI\u00d3<\/strong><\/p>\n<p>La relaci\u00f3 entre l\u2019usuari i <strong>STEMP INDUSTRIAL SA<\/strong>, es regir\u00e0 per la normativa espanyola vigent. Seran competents per decidir sobre qualsevol controv\u00e8rsia que pugui sorgir entre l\u2019usuari i <strong>STEMP INDUSTRIAL SA<\/strong>, els jutjats o tribunals del Partit Judicial de la localitat de SABADELL.<\/p>\n<p><strong>6. RESERVA DE COOKIES<\/strong><\/p>\n<p><strong>STEMP INDUSTRIAL SA<\/strong> utilitza cookies i altres tecnologies similars que emmagatzemen i recuperen informaci\u00f3 mentre navegues. Aquestes tecnologies poden tenir diverses finalitats, com recon\u00e8ixer un usuari i obtenir informaci\u00f3 dels seus h\u00e0bits de navegaci\u00f3. Els usos concrets que en fem d\u2019aquestes tecnologies es descriuen a la informaci\u00f3 que recull la Pol\u00edtica de Cookies. Seguint la pol\u00edtica de protecci\u00f3 de dades de l\u2019entitat, <strong>STEMP INDUSTRIAL SA<\/strong> informa que les cookies s\u2019associen a l\u2019usuari an\u00f2nim i al seu ordinador, i no proporcionen per s\u00ed mateixes dades personals de l\u2019usuari.<\/p>\n<p>La informaci\u00f3 de la nostra \u2018Pol\u00edtica de Cookies\u2019 informa l\u2019usuari del temps que aquestes cookies romandran actives al seu terminal i de la possibilitat de qu\u00e8 tercers puguin accedir a la informaci\u00f3 que aquestes emmagatzemen. Per aix\u00f2 es va modificar l\u2019article 5, apartat 3, de la Directiva 2002\/58 per la Directiva 2009\/136, i ara per la Guia de l\u2019AEPD.<\/p>\n<p>La darrera Guia sobre l\u2019\u00fas de cookies de l\u2019AEPD, de juliol de 2023, que incorpora el criteri del Comit\u00e8 Europeu en Protecci\u00f3 de Dades (CEPD), recull que les accions d\u2019acceptar o rebutjar les cookies han d\u2019estar al mateix nivell, sense que cap opci\u00f3 sigui m\u00e9s complicada que l\u2019altra. En aquest sentit, l\u2019usuari ha de poder acceptar o rebutjar de forma expl\u00edcita l\u2019\u00fas de les cookies i rebre m\u00e9s informaci\u00f3 sobre les mateixes. Addicionalment, l\u2019Usuari t\u00e9 la possibilitat de configurar el seu navegador perqu\u00e8 l\u2019informi de la recepci\u00f3 de cookies, podent, si aix\u00ed ho vol, impedir-ne la instal\u00b7laci\u00f3 al seu disc dur.<\/p>\n<p><strong>7. POL\u00cdTICA DE PRIVACITAT<\/strong><\/p>\n<p>De conformitat amb el que estableix l\u2019RGPD-UE-2016\/679; l\u2019LOPD 3\/2018, de Garantia dels Drets Digitals; la Llei 34\/2002, amb la darrera actualitzaci\u00f3, 09\/05\/2023, de Serveis de la Societat de la Informaci\u00f3 i el Comer\u00e7 Electr\u00f2nic; i la Llei 11\/2022, General de Telecomunicacions, <strong>STEMP INDUSTRIAL SA<\/strong> informa els usuaris dels seus llocs web que estem obligats a guardar secret professional sobre les dades personals que l\u2019entitat reculli mitjan\u00e7ant els formularis de registre o contacte de les seves p\u00e0gines. Aquesta obligaci\u00f3 es mantindr\u00e0 fins i tot despr\u00e9s d&#8217;haver finalitzat la nostra relaci\u00f3 comercial o contractual i en cap cas podrem fer p\u00fabliques les dades personals dels visitants i clients a la web sense el seu consentiment.<\/p>\n<p><strong>Consentiment del menor<\/strong>: Segons els articles 6.1.f i 8.1, de l\u2019RGPD-UE-2016\/679, i de l\u2019article 84 (protecci\u00f3 dels menors a Internet) de l\u2019LOPD-3\/2018, de Garantia dels Drets Digitals, quan l\u2019interessat sigui un menor de 16 anys no podr\u00e0 donar el seu consentiment per a qu\u00e8 un comer\u00e7 online reculli les seves dades personals. Aquest tipus de tractament nom\u00e9s es considerar\u00e0 l\u00edcit si el consentiment el d\u00f3na o ho autoritza el titular o titulars de la p\u00e0tria potestat o tutela del menor. En aquest sentit, el comer\u00e7 ha de disposar dels mitjans per a obtenir el consentiment expl\u00edcit dels pares o tutors, per exemple, mitjan\u00e7ant un missatge de correu electr\u00f2nic adre\u00e7at a algun d\u2019ells que contingui un enlla\u00e7 a un formulari electr\u00f2nic, llevat que el menor hagi fet ja els 16 anys, que s\u00ed seria l\u00edcit el seu consentiment.<\/p>\n<p><strong>Consentiment de l\u2019interessat<\/strong>: D\u2019acord amb el que estableix la Llei 34\/2002, de Serveis de la Societat de la Informaci\u00f3 i el Comer\u00e7 Electr\u00f2nic en el seu article 21, i el Reglament General de Protecci\u00f3 de Dades UE-2016\/679, articles 5, 6, 7 i 13, demanem el seu consentiment per poder realitzar les comunicacions publicit\u00e0ries o informatives sobre la nostra entitat que considerem puguin ser del seu inter\u00e8s, per correu electr\u00f2nic o per qualsevol altre mitj\u00e0 de comunicaci\u00f3 electr\u00f2nica equivalent. Aquest consentiment l\u2019atorgar\u00e0 o no amb l\u2019acceptaci\u00f3 de la Pol\u00edtica de Privacitat en l\u2019esmentat check box al peu del formulari de registre i\/o de contacte.<\/p>\n<p>Aquestes dades seran introdu\u00efdes en un fitxer automatitzat sota la responsabilitat de l\u2019administrador de la web de <strong>STEMP INDUSTRIAL SA<\/strong>, amb la finalitat de poder facilitar, agilitzar i complir els compromisos establerts entre ambdues parts. Aix\u00ed mateix,\u00a0<strong>STEMP INDUSTRIAL SA<\/strong>, informa de la possibilitat d\u2019exercir els drets d\u2019acc\u00e9s, que permet a l&#8217;usuari web con\u00e8ixer quines dades personals t\u00e9 l&#8217;administrador d&#8217;aquesta p\u00e0gina i obtenir una resposta en un termini de 30 dies, sempre que en conservi les dades personals; rectificaci\u00f3, que permet corregir errors en les dades personals, modificar-ne les dades que siguin inexactes o incompletes i garantir la certesa de la informaci\u00f3; oposici\u00f3, que podr\u00e0 sol\u00b7licitar i aconseguir que no es dugui a terme el tractament de dades; supressi\u00f3, que permet que se suprimeixin les dades inadequades o excessives; limitaci\u00f3, pel qual pot sol\u00b7licitar que es limiti el tractament de les seves dades quan hagi exercit el seu dret a la rectificaci\u00f3 de les seves dades personals; i portabilitat, perqu\u00e8 l&#8217;usuari pugui obtenir una c\u00f2pia de les dades personals que hagi facilitat a la web a fi de poder transmetre-les a altres serveis. Aquests drets es podran exercir per qualsevol mitj\u00e0 que deixi const\u00e0ncia del seu enviament i de la seva recepci\u00f3 a l\u2019adre\u00e7a de l\u2019administrador de la p\u00e0gina o al correu electr\u00f2nic <a href=\"mailto:stemp@stemp.es\">stemp@stemp.es<\/a>, aportant fotoc\u00f2pia del DNI o documentaci\u00f3 alternativa que n\u2019acrediti la identitat. L\u2019interessat t\u00e9 el dret de presentar reclamacions davant l\u2019Autoritat de Control, AEPD, ACPD i AVPD.<\/p>\n<p>L&#8217;enviament de les seves dades mitjan\u00e7ant el\/els formulari\/s de la nostra web, estar\u00e0 supeditat obligat\u00f2riament al fet que hagi llegit\/acceptat la Pol\u00edtica de Privacitat, mitjan\u00e7ant un check box obligatori a peu del formulari de registre o de contacte.<\/p>\n<p><strong>8. CERTIFICATS DE LSSI-CE I PROTECCI\u00d3 DE DADES<\/strong><\/p>\n<p>Per a l\u2019adequaci\u00f3 de la p\u00e0gina web https:\/\/stemp.es\/, <strong>STEMP INDUSTRIAL SA<\/strong> ha estat assessorada sobre les normatives de protecci\u00f3 de dades i LSSI-CE per part de GRUP QUALIA, fet pel qual se li atorga un certificat en format d\u2019imatge digital perqu\u00e8 el pugui exposar en aquest lloc web.<\/p>\n<p><strong>Actualitzada: 21\/12\/2023<\/strong><\/p>\n<\/div><\/div><\/div><\/div><\/div>\n","protected":false},"excerpt":{"rendered":"","protected":false},"author":1,"featured_media":0,"parent":0,"menu_order":0,"comment_status":"closed","ping_status":"closed","template":"100-width.php","meta":{"footnotes":""},"class_list":["post-1263","page","type-page","status-publish","hentry"],"yoast_head":"<!-- This site is optimized with the Yoast SEO plugin v27.4 - https:\/\/yoast.com\/product\/yoast-seo-wordpress\/ -->\n<title>Pol\u00edtica de privacitat - Mecanizados y mantenimiento Stemp Industrial - Series cortas<\/title>\n<meta name=\"robots\" content=\"index, follow, max-snippet:-1, max-image-preview:large, max-video-preview:-1\" \/>\n<link rel=\"canonical\" href=\"https:\/\/stemp.es\/ca\/politica-de-privacitat\/\" \/>\n<meta property=\"og:locale\" content=\"ca_ES\" \/>\n<meta property=\"og:type\" content=\"article\" \/>\n<meta property=\"og:title\" content=\"Pol\u00edtica de privacitat - Mecanizados y mantenimiento Stemp Industrial - Series cortas\" \/>\n<meta property=\"og:url\" content=\"https:\/\/stemp.es\/ca\/politica-de-privacitat\/\" \/>\n<meta property=\"og:site_name\" content=\"Mecanizados y mantenimiento Stemp Industrial - Series cortas\" \/>\n<meta property=\"article:modified_time\" content=\"2024-01-09T10:11:12+00:00\" \/>\n<meta name=\"twitter:card\" content=\"summary_large_image\" \/>\n<meta name=\"twitter:label1\" content=\"Temps estimat de lectura\" \/>\n\t<meta name=\"twitter:data1\" content=\"8 minuts\" \/>\n<script type=\"application\/ld+json\" class=\"yoast-schema-graph\">{\"@context\":\"https:\\\/\\\/schema.org\",\"@graph\":[{\"@type\":\"WebPage\",\"@id\":\"https:\\\/\\\/stemp.es\\\/ca\\\/politica-de-privacitat\\\/\",\"url\":\"https:\\\/\\\/stemp.es\\\/ca\\\/politica-de-privacitat\\\/\",\"name\":\"Pol\u00edtica de privacitat - Mecanizados y mantenimiento Stemp Industrial - Series cortas\",\"isPartOf\":{\"@id\":\"https:\\\/\\\/stemp.es\\\/ca\\\/#website\"},\"datePublished\":\"2023-09-06T14:19:40+00:00\",\"dateModified\":\"2024-01-09T10:11:12+00:00\",\"breadcrumb\":{\"@id\":\"https:\\\/\\\/stemp.es\\\/ca\\\/politica-de-privacitat\\\/#breadcrumb\"},\"inLanguage\":\"ca\",\"potentialAction\":[{\"@type\":\"ReadAction\",\"target\":[\"https:\\\/\\\/stemp.es\\\/ca\\\/politica-de-privacitat\\\/\"]}]},{\"@type\":\"BreadcrumbList\",\"@id\":\"https:\\\/\\\/stemp.es\\\/ca\\\/politica-de-privacitat\\\/#breadcrumb\",\"itemListElement\":[{\"@type\":\"ListItem\",\"position\":1,\"name\":\"Portada\",\"item\":\"https:\\\/\\\/stemp.es\\\/ca\\\/\"},{\"@type\":\"ListItem\",\"position\":2,\"name\":\"Pol\u00edtica de privacitat\"}]},{\"@type\":\"WebSite\",\"@id\":\"https:\\\/\\\/stemp.es\\\/ca\\\/#website\",\"url\":\"https:\\\/\\\/stemp.es\\\/ca\\\/\",\"name\":\"Mecanizados y mantenimiento Stemp Industrial - Series cortas\",\"description\":\"\",\"potentialAction\":[{\"@type\":\"SearchAction\",\"target\":{\"@type\":\"EntryPoint\",\"urlTemplate\":\"https:\\\/\\\/stemp.es\\\/ca\\\/?s={search_term_string}\"},\"query-input\":{\"@type\":\"PropertyValueSpecification\",\"valueRequired\":true,\"valueName\":\"search_term_string\"}}],\"inLanguage\":\"ca\"}]}<\/script>\n<!-- \/ Yoast SEO plugin. -->","yoast_head_json":{"title":"Pol\u00edtica de privacitat - Mecanizados y mantenimiento Stemp Industrial - Series cortas","robots":{"index":"index","follow":"follow","max-snippet":"max-snippet:-1","max-image-preview":"max-image-preview:large","max-video-preview":"max-video-preview:-1"},"canonical":"https:\/\/stemp.es\/ca\/politica-de-privacitat\/","og_locale":"ca_ES","og_type":"article","og_title":"Pol\u00edtica de privacitat - Mecanizados y mantenimiento Stemp Industrial - Series cortas","og_url":"https:\/\/stemp.es\/ca\/politica-de-privacitat\/","og_site_name":"Mecanizados y mantenimiento Stemp Industrial - Series cortas","article_modified_time":"2024-01-09T10:11:12+00:00","twitter_card":"summary_large_image","twitter_misc":{"Temps estimat de lectura":"8 minuts"},"schema":{"@context":"https:\/\/schema.org","@graph":[{"@type":"WebPage","@id":"https:\/\/stemp.es\/ca\/politica-de-privacitat\/","url":"https:\/\/stemp.es\/ca\/politica-de-privacitat\/","name":"Pol\u00edtica de privacitat - Mecanizados y mantenimiento Stemp Industrial - Series cortas","isPartOf":{"@id":"https:\/\/stemp.es\/ca\/#website"},"datePublished":"2023-09-06T14:19:40+00:00","dateModified":"2024-01-09T10:11:12+00:00","breadcrumb":{"@id":"https:\/\/stemp.es\/ca\/politica-de-privacitat\/#breadcrumb"},"inLanguage":"ca","potentialAction":[{"@type":"ReadAction","target":["https:\/\/stemp.es\/ca\/politica-de-privacitat\/"]}]},{"@type":"BreadcrumbList","@id":"https:\/\/stemp.es\/ca\/politica-de-privacitat\/#breadcrumb","itemListElement":[{"@type":"ListItem","position":1,"name":"Portada","item":"https:\/\/stemp.es\/ca\/"},{"@type":"ListItem","position":2,"name":"Pol\u00edtica de privacitat"}]},{"@type":"WebSite","@id":"https:\/\/stemp.es\/ca\/#website","url":"https:\/\/stemp.es\/ca\/","name":"Mecanizados y mantenimiento Stemp Industrial - Series cortas","description":"","potentialAction":[{"@type":"SearchAction","target":{"@type":"EntryPoint","urlTemplate":"https:\/\/stemp.es\/ca\/?s={search_term_string}"},"query-input":{"@type":"PropertyValueSpecification","valueRequired":true,"valueName":"search_term_string"}}],"inLanguage":"ca"}]}},"_links":{"self":[{"href":"https:\/\/stemp.es\/ca\/wp-json\/wp\/v2\/pages\/1263","targetHints":{"allow":["GET"]}}],"collection":[{"href":"https:\/\/stemp.es\/ca\/wp-json\/wp\/v2\/pages"}],"about":[{"href":"https:\/\/stemp.es\/ca\/wp-json\/wp\/v2\/types\/page"}],"author":[{"embeddable":true,"href":"https:\/\/stemp.es\/ca\/wp-json\/wp\/v2\/users\/1"}],"replies":[{"embeddable":true,"href":"https:\/\/stemp.es\/ca\/wp-json\/wp\/v2\/comments?post=1263"}],"version-history":[{"count":5,"href":"https:\/\/stemp.es\/ca\/wp-json\/wp\/v2\/pages\/1263\/revisions"}],"predecessor-version":[{"id":1565,"href":"https:\/\/stemp.es\/ca\/wp-json\/wp\/v2\/pages\/1263\/revisions\/1565"}],"wp:attachment":[{"href":"https:\/\/stemp.es\/ca\/wp-json\/wp\/v2\/media?parent=1263"}],"curies":[{"name":"wp","href":"https:\/\/api.w.org\/{rel}","templated":true}]}}