{"id":1237,"date":"2023-09-06T16:13:55","date_gmt":"2023-09-06T14:13:55","guid":{"rendered":"https:\/\/stemp.pruebasweb.com.es\/?page_id=1237"},"modified":"2026-02-11T09:48:28","modified_gmt":"2026-02-11T08:48:28","slug":"avis-legal","status":"publish","type":"page","link":"https:\/\/stemp.es\/ca\/avis-legal\/","title":{"rendered":"Av\u00eds legal"},"content":{"rendered":"<div class=\"fusion-fullwidth fullwidth-box fusion-builder-row-1 fusion-flex-container has-pattern-background has-mask-background nonhundred-percent-fullwidth non-hundred-percent-height-scrolling\" style=\"--awb-border-radius-top-left:0px;--awb-border-radius-top-right:0px;--awb-border-radius-bottom-right:0px;--awb-border-radius-bottom-left:0px;--awb-padding-top:6%;--awb-padding-bottom:4%;--awb-flex-wrap:wrap;\" ><div class=\"fusion-builder-row fusion-row fusion-flex-align-items-flex-start fusion-flex-content-wrap\" style=\"max-width:1300px;margin-left: calc(-4% \/ 2 );margin-right: calc(-4% \/ 2 );\"><div class=\"fusion-layout-column fusion_builder_column fusion-builder-column-0 fusion_builder_column_1_1 1_1 fusion-flex-column\" style=\"--awb-bg-size:cover;--awb-width-large:100%;--awb-margin-top-large:0px;--awb-spacing-right-large:1.92%;--awb-margin-bottom-large:20px;--awb-spacing-left-large:1.92%;--awb-width-medium:100%;--awb-order-medium:0;--awb-spacing-right-medium:1.92%;--awb-spacing-left-medium:1.92%;--awb-width-small:100%;--awb-order-small:0;--awb-spacing-right-small:1.92%;--awb-spacing-left-small:1.92%;\"><div class=\"fusion-column-wrapper fusion-column-has-shadow fusion-flex-justify-content-flex-start fusion-content-layout-column\"><div class=\"fusion-text fusion-text-1\" style=\"--awb-content-alignment:justify;\"><p>En compliment de la Llei 34\/2002, amb la darrera actualitzaci\u00f3, 09\/05\/2023, de serveis de la societat de la informaci\u00f3 i de comer\u00e7 electr\u00f2nic, <strong>STEMP INDUSTRIAL SA<\/strong>, l\u2019informa que \u00e9s titular del lloc web: https:\/\/stemp.es\/. D\u2019acord amb l\u2019exig\u00e8ncia de l\u2019article 10 de l\u2019esmentada Llei, notifica les dades seg\u00fcents: CIF\/NIF: <strong>A58282047<\/strong> i Registre Mercantil de BARCELONA, Tom: 22595, Foli: 146, S8, Full: B-39690 i Domicili Social: C\/ ANOIA 1, NAU 8 -P.I. CAN BERNADES SUBIR\u00c0-. 08130, SANTA PERP\u00c8TUA DE MOGODA (BARCELONA). L\u2019adre\u00e7a de correu electr\u00f2nic de contacte amb l\u2019empresa \u00e9s: <a href=\"mailto:stemp@stemp.es\">stemp@stemp.es<\/a>.<\/p>\n<p><strong>1. USUARI I R\u00c8GIM DE RESPONSABILITATS<\/strong><\/p>\n<p>La navegaci\u00f3 per acc\u00e9s i \u00fas de la p\u00e0gina web i tots els subdominis i directoris inclosos sota la el mateix domini, aix\u00ed com els serveis o continguts que a trav\u00e9s d&#8217;ell es puguin obtenir i tots els portals de domini propi sota titularitat de <strong>STEMP INDUSTRIAL SA<\/strong>, atorga la condici\u00f3 d&#8217;Usuari, per la que s&#8217;accepten, en navegar pel web de <strong>STEMP INDUSTRIAL SA<\/strong>, totes les condicions d&#8217;\u00fas que s&#8217;estableixen aqu\u00ed sense perjudicar l&#8217;aplicaci\u00f3 de la corresponent normativa d&#8217;obligat compliment legal segons el cas.<\/p>\n<p>Per aix\u00f2, si les consideracions detallades en aquest Av\u00eds Legal no s\u00f3n de la seva conformitat, preguem no faci \u00fas del Portal, ja que qualsevol \u00fas que faci del mateix o dels serveis i continguts en ell inclosos implicar\u00e0 l&#8217;acceptaci\u00f3 dels termes legals recollits en aquest text.<\/p>\n<p>La p\u00e0gina web de <strong>STEMP INDUSTRIAL SA<\/strong> proporciona gran diversitat d\u2019informaci\u00f3, serveis i dades. L\u2019Usuari assumeix la seva responsabilitat en l\u2019\u00fas correcte dels llocs web. Aquesta responsabilitat s\u2019estendr\u00e0 a: La veracitat i licitud de les informacions aportades per l\u2019Usuari als formularis de registre i contacte de <strong>STEMP INDUSTRIAL SA<\/strong> per accedir a determinats continguts o serveis oferts per la web.<\/p>\n<p>L\u2019\u00fas de la informaci\u00f3, serveis i dades oferts per <strong>STEMP INDUSTRIAL SA<\/strong>, no aniran contra les disposicions d\u2019aquestes cl\u00e0usules, la Llei, la moral, els bons costums o l\u2019ordre p\u00fablic que puguin suposar lesi\u00f3 dels drets de tercers o del funcionament dels llocs web.<\/p>\n<p>A aquest efecte, l&#8217;Usuari s&#8217;abstindr\u00e0 d&#8217;utilitzar qualsevol dels continguts amb finalitats il\u00b7l\u00edcites i prohibides en aquest text, lesives amb els drets i interessos de tercers, o que de qualsevol forma puguin malmetre, inutilitzar, sobrecarregar, deteriorar o impedir la normal utilitzaci\u00f3 dels continguts per part d\u2019altres Usuaris o de qualsevol Usuari d&#8217;Internet (hardware y software).<\/p>\n<p>Els Usuaris respondran dels danys i perjudicis de tota naturalesa que l&#8217;entitat propiet\u00e0ria de la web pugui patir, directament o indirectament, com a conseq\u00fc\u00e8ncia d&#8217;incompliment de qualsevol de les obligacions derivades de l&#8217;\u00fas de la Web i d&#8217;aquesta pol\u00edtica de privacitat.<\/p>\n<p>En particular, i a t\u00edtol merament indicatiu i no exhaustiu, l&#8217;Usuari es compromet a no transmetre, difondre o posar a disposici\u00f3 de tercers informacions, dades, continguts, missatges, gr\u00e0fics, dibuixos, arxius de so i \/ o imatge, fotografies d\u2019aquest web.<\/p>\n<\/div><\/div><\/div><\/div><\/div>\n","protected":false},"excerpt":{"rendered":"","protected":false},"author":1,"featured_media":0,"parent":0,"menu_order":0,"comment_status":"closed","ping_status":"closed","template":"100-width.php","meta":{"footnotes":""},"class_list":["post-1237","page","type-page","status-publish","hentry"],"yoast_head":"<!-- This site is optimized with the Yoast SEO plugin v27.4 - https:\/\/yoast.com\/product\/yoast-seo-wordpress\/ -->\n<title>Av\u00eds Legal | STEMP<\/title>\n<meta name=\"description\" content=\"Consulta l\u2019av\u00eds legal de STEMP: dades identificatives, condicions d\u2019\u00fas del web i responsabilitats legals. Transpar\u00e8ncia i compliment normatiu.\" \/>\n<meta name=\"robots\" content=\"index, follow, max-snippet:-1, max-image-preview:large, max-video-preview:-1\" \/>\n<link rel=\"canonical\" href=\"https:\/\/stemp.es\/ca\/avis-legal\/\" \/>\n<meta property=\"og:locale\" content=\"ca_ES\" \/>\n<meta property=\"og:type\" content=\"article\" \/>\n<meta property=\"og:title\" content=\"Av\u00eds Legal | STEMP\" \/>\n<meta property=\"og:description\" content=\"Consulta l\u2019av\u00eds legal de STEMP: dades identificatives, condicions d\u2019\u00fas del web i responsabilitats legals. Transpar\u00e8ncia i compliment normatiu.\" \/>\n<meta property=\"og:url\" content=\"https:\/\/stemp.es\/ca\/avis-legal\/\" \/>\n<meta property=\"og:site_name\" content=\"Mecanizados y mantenimiento Stemp Industrial - Series cortas\" \/>\n<meta property=\"article:modified_time\" content=\"2026-02-11T08:48:28+00:00\" \/>\n<meta name=\"twitter:card\" content=\"summary_large_image\" \/>\n<meta name=\"twitter:label1\" content=\"Temps estimat de lectura\" \/>\n\t<meta name=\"twitter:data1\" content=\"3 minuts\" \/>\n<script type=\"application\/ld+json\" class=\"yoast-schema-graph\">{\"@context\":\"https:\\\/\\\/schema.org\",\"@graph\":[{\"@type\":\"WebPage\",\"@id\":\"https:\\\/\\\/stemp.es\\\/ca\\\/avis-legal\\\/\",\"url\":\"https:\\\/\\\/stemp.es\\\/ca\\\/avis-legal\\\/\",\"name\":\"Av\u00eds Legal | STEMP\",\"isPartOf\":{\"@id\":\"https:\\\/\\\/stemp.es\\\/ca\\\/#website\"},\"datePublished\":\"2023-09-06T14:13:55+00:00\",\"dateModified\":\"2026-02-11T08:48:28+00:00\",\"description\":\"Consulta l\u2019av\u00eds legal de STEMP: dades identificatives, condicions d\u2019\u00fas del web i responsabilitats legals. Transpar\u00e8ncia i compliment normatiu.\",\"breadcrumb\":{\"@id\":\"https:\\\/\\\/stemp.es\\\/ca\\\/avis-legal\\\/#breadcrumb\"},\"inLanguage\":\"ca\",\"potentialAction\":[{\"@type\":\"ReadAction\",\"target\":[\"https:\\\/\\\/stemp.es\\\/ca\\\/avis-legal\\\/\"]}]},{\"@type\":\"BreadcrumbList\",\"@id\":\"https:\\\/\\\/stemp.es\\\/ca\\\/avis-legal\\\/#breadcrumb\",\"itemListElement\":[{\"@type\":\"ListItem\",\"position\":1,\"name\":\"Portada\",\"item\":\"https:\\\/\\\/stemp.es\\\/ca\\\/\"},{\"@type\":\"ListItem\",\"position\":2,\"name\":\"Av\u00eds legal\"}]},{\"@type\":\"WebSite\",\"@id\":\"https:\\\/\\\/stemp.es\\\/ca\\\/#website\",\"url\":\"https:\\\/\\\/stemp.es\\\/ca\\\/\",\"name\":\"Mecanizados y mantenimiento Stemp Industrial - Series cortas\",\"description\":\"\",\"potentialAction\":[{\"@type\":\"SearchAction\",\"target\":{\"@type\":\"EntryPoint\",\"urlTemplate\":\"https:\\\/\\\/stemp.es\\\/ca\\\/?s={search_term_string}\"},\"query-input\":{\"@type\":\"PropertyValueSpecification\",\"valueRequired\":true,\"valueName\":\"search_term_string\"}}],\"inLanguage\":\"ca\"}]}<\/script>\n<!-- \/ Yoast SEO plugin. -->","yoast_head_json":{"title":"Av\u00eds Legal | STEMP","description":"Consulta l\u2019av\u00eds legal de STEMP: dades identificatives, condicions d\u2019\u00fas del web i responsabilitats legals. Transpar\u00e8ncia i compliment normatiu.","robots":{"index":"index","follow":"follow","max-snippet":"max-snippet:-1","max-image-preview":"max-image-preview:large","max-video-preview":"max-video-preview:-1"},"canonical":"https:\/\/stemp.es\/ca\/avis-legal\/","og_locale":"ca_ES","og_type":"article","og_title":"Av\u00eds Legal | STEMP","og_description":"Consulta l\u2019av\u00eds legal de STEMP: dades identificatives, condicions d\u2019\u00fas del web i responsabilitats legals. Transpar\u00e8ncia i compliment normatiu.","og_url":"https:\/\/stemp.es\/ca\/avis-legal\/","og_site_name":"Mecanizados y mantenimiento Stemp Industrial - Series cortas","article_modified_time":"2026-02-11T08:48:28+00:00","twitter_card":"summary_large_image","twitter_misc":{"Temps estimat de lectura":"3 minuts"},"schema":{"@context":"https:\/\/schema.org","@graph":[{"@type":"WebPage","@id":"https:\/\/stemp.es\/ca\/avis-legal\/","url":"https:\/\/stemp.es\/ca\/avis-legal\/","name":"Av\u00eds Legal | STEMP","isPartOf":{"@id":"https:\/\/stemp.es\/ca\/#website"},"datePublished":"2023-09-06T14:13:55+00:00","dateModified":"2026-02-11T08:48:28+00:00","description":"Consulta l\u2019av\u00eds legal de STEMP: dades identificatives, condicions d\u2019\u00fas del web i responsabilitats legals. Transpar\u00e8ncia i compliment normatiu.","breadcrumb":{"@id":"https:\/\/stemp.es\/ca\/avis-legal\/#breadcrumb"},"inLanguage":"ca","potentialAction":[{"@type":"ReadAction","target":["https:\/\/stemp.es\/ca\/avis-legal\/"]}]},{"@type":"BreadcrumbList","@id":"https:\/\/stemp.es\/ca\/avis-legal\/#breadcrumb","itemListElement":[{"@type":"ListItem","position":1,"name":"Portada","item":"https:\/\/stemp.es\/ca\/"},{"@type":"ListItem","position":2,"name":"Av\u00eds legal"}]},{"@type":"WebSite","@id":"https:\/\/stemp.es\/ca\/#website","url":"https:\/\/stemp.es\/ca\/","name":"Mecanizados y mantenimiento Stemp Industrial - Series cortas","description":"","potentialAction":[{"@type":"SearchAction","target":{"@type":"EntryPoint","urlTemplate":"https:\/\/stemp.es\/ca\/?s={search_term_string}"},"query-input":{"@type":"PropertyValueSpecification","valueRequired":true,"valueName":"search_term_string"}}],"inLanguage":"ca"}]}},"_links":{"self":[{"href":"https:\/\/stemp.es\/ca\/wp-json\/wp\/v2\/pages\/1237","targetHints":{"allow":["GET"]}}],"collection":[{"href":"https:\/\/stemp.es\/ca\/wp-json\/wp\/v2\/pages"}],"about":[{"href":"https:\/\/stemp.es\/ca\/wp-json\/wp\/v2\/types\/page"}],"author":[{"embeddable":true,"href":"https:\/\/stemp.es\/ca\/wp-json\/wp\/v2\/users\/1"}],"replies":[{"embeddable":true,"href":"https:\/\/stemp.es\/ca\/wp-json\/wp\/v2\/comments?post=1237"}],"version-history":[{"count":5,"href":"https:\/\/stemp.es\/ca\/wp-json\/wp\/v2\/pages\/1237\/revisions"}],"predecessor-version":[{"id":1332,"href":"https:\/\/stemp.es\/ca\/wp-json\/wp\/v2\/pages\/1237\/revisions\/1332"}],"wp:attachment":[{"href":"https:\/\/stemp.es\/ca\/wp-json\/wp\/v2\/media?parent=1237"}],"curies":[{"name":"wp","href":"https:\/\/api.w.org\/{rel}","templated":true}]}}